{"id":7118,"date":"2019-03-25T11:01:22","date_gmt":"2019-03-25T10:01:22","guid":{"rendered":"https:\/\/hotelguerrato.com\/reservation\/scudi\/"},"modified":"2024-02-22T10:42:43","modified_gmt":"2024-02-22T09:42:43","slug":"scudi","status":"publish","type":"page","link":"https:\/\/hotelguerrato.com\/fr\/reservation\/scudi\/","title":{"rendered":"Scudi"},"content":{"rendered":"<div class=\"wpb-content-wrapper\"><p>[vc_row][vc_column width=&#8221;2\/3&#8243;][vc_text_separator title=&#8221;Appartement Scudi&#8221; title_align=&#8221;separator_align_left&#8221;]<div class=\"ult-spacer spacer-69febb639da57\" data-id=\"69febb639da57\" data-height=\"20\" data-height-mobile=\"20\" data-height-tab=\"20\" data-height-tab-portrait=\"\" data-height-mobile-landscape=\"\" style=\"clear:both;display:block;\"><\/div>[vc_custom_heading text=&#8221;L\u2019appartement Scudi, 100 m\u00e8tres carr\u00e9s, se trouve dans le m\u00eame palais de l\u2019h\u00f4tel, \u00e0 c\u00f4t\u00e9 du pont du Rialto, pr\u00e8s du march\u00e9 de Rialto (San Polo 240\/a).<br \/>\nCet appartement est situ\u00e9 au quatri\u00e8me \u00e9tage (70 marches, sans ascenseur), il est compos\u00e9 par trois chambres avec un grand lit, deux salles de bains (avec douche), un petit salon, cuisine \u00e9quip\u00e9e. Il est fourni avec machine \u00e0 laver, lave-vaisselle, climatisation\/chauffage, TV, wifi, linges et serviettes.&#8221; font_container=&#8221;tag:p|text_align:left&#8221; google_fonts=&#8221;font_family:Lato%3A100%2C100italic%2C300%2C300italic%2Cregular%2Citalic%2C700%2C700italic%2C900%2C900italic|font_style:400%20regular%3A400%3Anormal&#8221;][\/vc_column][vc_column width=&#8221;1\/3&#8243;]<div class=\"ult-spacer spacer-69febb639da8c\" data-id=\"69febb639da8c\" data-height=\"60\" data-height-mobile=\"60\" data-height-tab=\"60\" data-height-tab-portrait=\"\" data-height-mobile-landscape=\"\" style=\"clear:both;display:block;\"><\/div>[vc_gmaps link=&#8221;#E-8_JTNDaWZyYW1lJTIwc3JjJTNEJTIyaHR0cHMlM0ElMkYlMkZ3d3cuZ29vZ2xlLmNvbSUyRm1hcHMlMkZlbWJlZCUzRnBiJTNEJTIxMW0xNiUyMTFtMTIlMjExbTMlMjExZDI3OTkuNTkwNjUwNTk0NTcxMyUyMTJkMTIuMzI3NjUwNTE2MTAyMTYyJTIxM2Q0NS40Mzc3NTI1MjkxMDA2MyUyMTJtMyUyMTFmMCUyMTJmMCUyMTNmMCUyMTNtMiUyMTFpMTAyNCUyMTJpNzY4JTIxNGYxMy4xJTIxMm0xJTIxMXNDYW1wbyUyQlNhbiUyQlBvbG8lMjUyQyUyQjI0MCUyNTJDJTJCVmVuaWNlJTI1MkMlMkJNZXRyb3BvbGl0YW4lMkJDaXR5JTJCb2YlMkJWZW5pY2UlMjE1ZTAlMjEzbTIlMjExc2VuJTIxMnNpdCUyMTR2MTU1MzUwODM4Mzg3OCUyMiUyMHdpZHRoJTNEJTIyNjAwJTIyJTIwaGVpZ2h0JTNEJTIyNDUwJTIyJTIwZnJhbWVib3JkZXIlM0QlMjIwJTIyJTIwc3R5bGUlM0QlMjJib3JkZXIlM0EwJTIyJTIwYWxsb3dmdWxsc2NyZWVuJTNFJTNDJTJGaWZyYW1lJTNF&#8221; size=&#8221;300&#8243;][\/vc_column][\/vc_row][vc_row][vc_column]<div class=\"ult-spacer spacer-69febb639daac\" data-id=\"69febb639daac\" data-height=\"40\" data-height-mobile=\"40\" data-height-tab=\"40\" data-height-tab-portrait=\"\" data-height-mobile-landscape=\"\" style=\"clear:both;display:block;\"><\/div>[vc_text_separator title=&#8221;Galerie&#8221; title_align=&#8221;separator_align_left&#8221;]<div class=\"ult-spacer spacer-69febb639dac9\" data-id=\"69febb639dac9\" data-height=\"20\" data-height-mobile=\"20\" data-height-tab=\"20\" data-height-tab-portrait=\"\" data-height-mobile-landscape=\"\" style=\"clear:both;display:block;\"><\/div>[vc_masonry_media_grid grid_id=&#8221;vc_gid:1708594914078-cfa6b239-ee47-8&#8243; include=&#8221;7037,7040,7043,7046,7049,7052,7055,7058,7061,7064,7067,7070,7073,7076,7079,7082,7085,7088,7091,7094,7097,7100,7103,7106,7109,7112&#8243;]<div class=\"ult-spacer spacer-69febb639dae2\" data-id=\"69febb639dae2\" data-height=\"40\" data-height-mobile=\"40\" data-height-tab=\"40\" data-height-tab-portrait=\"\" data-height-mobile-landscape=\"\" style=\"clear:both;display:block;\"><\/div>[vc_separator][\/vc_column][\/vc_row][vc_row][vc_column][\/vc_column][\/vc_row]<\/p>\n<\/div>","protected":false},"excerpt":{"rendered":"<p>[vc_row][vc_column width=&#8221;2\/3&#8243;][vc_text_separator title=&#8221;Appartement Scudi&#8221; title_align=&#8221;separator_align_left&#8221;][vc_custom_heading text=&#8221;L\u2019appartement Scudi, 100 m\u00e8tres carr\u00e9s, se trouve dans le m\u00eame palais de l\u2019h\u00f4tel, \u00e0 c\u00f4t\u00e9 du pont du Rialto, pr\u00e8s du march\u00e9 de Rialto (San Polo 240\/a). Cet appartement est situ\u00e9 au quatri\u00e8me \u00e9tage (70 marches, sans ascenseur), il est compos\u00e9 par trois chambres avec un grand lit, deux salles [&hellip;]<\/p>\n","protected":false},"author":44,"featured_media":0,"parent":1576,"menu_order":0,"comment_status":"closed","ping_status":"closed","template":"","meta":{"_monsterinsights_skip_tracking":false,"_monsterinsights_sitenote_active":false,"_monsterinsights_sitenote_note":"","_monsterinsights_sitenote_category":0,"footnotes":""},"class_list":["post-7118","page","type-page","status-publish","hentry"],"yoast_head":"<!-- This site is optimized with the Yoast SEO plugin v27.5 - https:\/\/yoast.com\/product\/yoast-seo-wordpress\/ -->\n<title>Scudi ~ Pensione Guerrato<\/title>\n<meta name=\"robots\" content=\"index, follow, max-snippet:-1, max-image-preview:large, max-video-preview:-1\" \/>\n<link rel=\"canonical\" href=\"https:\/\/hotelguerrato.com\/fr\/reservation\/scudi\/\" \/>\n<meta property=\"og:locale\" content=\"fr_FR\" \/>\n<meta property=\"og:type\" content=\"article\" \/>\n<meta property=\"og:title\" content=\"Scudi ~ Pensione Guerrato\" \/>\n<meta property=\"og:description\" content=\"[vc_row][vc_column width=&#8221;2\/3&#8243;][vc_text_separator title=&#8221;Appartement Scudi&#8221; title_align=&#8221;separator_align_left&#8221;][vc_custom_heading text=&#8221;L\u2019appartement Scudi, 100 m\u00e8tres carr\u00e9s, se trouve dans le m\u00eame palais de l\u2019h\u00f4tel, \u00e0 c\u00f4t\u00e9 du pont du Rialto, pr\u00e8s du march\u00e9 de Rialto (San Polo 240\/a). Cet appartement est situ\u00e9 au quatri\u00e8me \u00e9tage (70 marches, sans ascenseur), il est compos\u00e9 par trois chambres avec un grand lit, deux salles [&hellip;]\" \/>\n<meta property=\"og:url\" content=\"https:\/\/hotelguerrato.com\/fr\/reservation\/scudi\/\" \/>\n<meta property=\"og:site_name\" content=\"Pensione Guerrato\" \/>\n<meta property=\"article:modified_time\" content=\"2024-02-22T09:42:43+00:00\" \/>\n<meta name=\"twitter:card\" content=\"summary_large_image\" \/>\n<meta name=\"twitter:label1\" content=\"Est. reading time\" \/>\n\t<meta name=\"twitter:data1\" content=\"1 minute\" \/>\n<script type=\"application\/ld+json\" class=\"yoast-schema-graph\">{\"@context\":\"https:\\\/\\\/schema.org\",\"@graph\":[{\"@type\":\"WebPage\",\"@id\":\"https:\\\/\\\/hotelguerrato.com\\\/fr\\\/reservation\\\/scudi\\\/\",\"url\":\"https:\\\/\\\/hotelguerrato.com\\\/fr\\\/reservation\\\/scudi\\\/\",\"name\":\"Scudi ~ Pensione Guerrato\",\"isPartOf\":{\"@id\":\"https:\\\/\\\/hotelguerrato.com\\\/#website\"},\"datePublished\":\"2019-03-25T10:01:22+00:00\",\"dateModified\":\"2024-02-22T09:42:43+00:00\",\"breadcrumb\":{\"@id\":\"https:\\\/\\\/hotelguerrato.com\\\/fr\\\/reservation\\\/scudi\\\/#breadcrumb\"},\"inLanguage\":\"fr-FR\",\"potentialAction\":[{\"@type\":\"ReadAction\",\"target\":[\"https:\\\/\\\/hotelguerrato.com\\\/fr\\\/reservation\\\/scudi\\\/\"]}]},{\"@type\":\"BreadcrumbList\",\"@id\":\"https:\\\/\\\/hotelguerrato.com\\\/fr\\\/reservation\\\/scudi\\\/#breadcrumb\",\"itemListElement\":[{\"@type\":\"ListItem\",\"position\":1,\"name\":\"Home\",\"item\":\"https:\\\/\\\/hotelguerrato.com\\\/fr\\\/\"},{\"@type\":\"ListItem\",\"position\":2,\"name\":\"R\u00e9servation\",\"item\":\"https:\\\/\\\/hotelguerrato.com\\\/booking\\\/\"},{\"@type\":\"ListItem\",\"position\":3,\"name\":\"Scudi\"}]},{\"@type\":\"WebSite\",\"@id\":\"https:\\\/\\\/hotelguerrato.com\\\/#website\",\"url\":\"https:\\\/\\\/hotelguerrato.com\\\/\",\"name\":\"Pensione Guerrato\",\"description\":\"Charming family hotel in the heart of Venice\",\"potentialAction\":[{\"@type\":\"SearchAction\",\"target\":{\"@type\":\"EntryPoint\",\"urlTemplate\":\"https:\\\/\\\/hotelguerrato.com\\\/?s={search_term_string}\"},\"query-input\":{\"@type\":\"PropertyValueSpecification\",\"valueRequired\":true,\"valueName\":\"search_term_string\"}}],\"inLanguage\":\"fr-FR\"}]}<\/script>\n<!-- \/ Yoast SEO plugin. -->","yoast_head_json":{"title":"Scudi ~ Pensione Guerrato","robots":{"index":"index","follow":"follow","max-snippet":"max-snippet:-1","max-image-preview":"max-image-preview:large","max-video-preview":"max-video-preview:-1"},"canonical":"https:\/\/hotelguerrato.com\/fr\/reservation\/scudi\/","og_locale":"fr_FR","og_type":"article","og_title":"Scudi ~ Pensione Guerrato","og_description":"[vc_row][vc_column width=&#8221;2\/3&#8243;][vc_text_separator title=&#8221;Appartement Scudi&#8221; title_align=&#8221;separator_align_left&#8221;][vc_custom_heading text=&#8221;L\u2019appartement Scudi, 100 m\u00e8tres carr\u00e9s, se trouve dans le m\u00eame palais de l\u2019h\u00f4tel, \u00e0 c\u00f4t\u00e9 du pont du Rialto, pr\u00e8s du march\u00e9 de Rialto (San Polo 240\/a). Cet appartement est situ\u00e9 au quatri\u00e8me \u00e9tage (70 marches, sans ascenseur), il est compos\u00e9 par trois chambres avec un grand lit, deux salles [&hellip;]","og_url":"https:\/\/hotelguerrato.com\/fr\/reservation\/scudi\/","og_site_name":"Pensione Guerrato","article_modified_time":"2024-02-22T09:42:43+00:00","twitter_card":"summary_large_image","twitter_misc":{"Est. reading time":"1 minute"},"schema":{"@context":"https:\/\/schema.org","@graph":[{"@type":"WebPage","@id":"https:\/\/hotelguerrato.com\/fr\/reservation\/scudi\/","url":"https:\/\/hotelguerrato.com\/fr\/reservation\/scudi\/","name":"Scudi ~ Pensione Guerrato","isPartOf":{"@id":"https:\/\/hotelguerrato.com\/#website"},"datePublished":"2019-03-25T10:01:22+00:00","dateModified":"2024-02-22T09:42:43+00:00","breadcrumb":{"@id":"https:\/\/hotelguerrato.com\/fr\/reservation\/scudi\/#breadcrumb"},"inLanguage":"fr-FR","potentialAction":[{"@type":"ReadAction","target":["https:\/\/hotelguerrato.com\/fr\/reservation\/scudi\/"]}]},{"@type":"BreadcrumbList","@id":"https:\/\/hotelguerrato.com\/fr\/reservation\/scudi\/#breadcrumb","itemListElement":[{"@type":"ListItem","position":1,"name":"Home","item":"https:\/\/hotelguerrato.com\/fr\/"},{"@type":"ListItem","position":2,"name":"R\u00e9servation","item":"https:\/\/hotelguerrato.com\/booking\/"},{"@type":"ListItem","position":3,"name":"Scudi"}]},{"@type":"WebSite","@id":"https:\/\/hotelguerrato.com\/#website","url":"https:\/\/hotelguerrato.com\/","name":"Pensione Guerrato","description":"Charming family hotel in the heart of Venice","potentialAction":[{"@type":"SearchAction","target":{"@type":"EntryPoint","urlTemplate":"https:\/\/hotelguerrato.com\/?s={search_term_string}"},"query-input":{"@type":"PropertyValueSpecification","valueRequired":true,"valueName":"search_term_string"}}],"inLanguage":"fr-FR"}]}},"_links":{"self":[{"href":"https:\/\/hotelguerrato.com\/fr\/wp-json\/wp\/v2\/pages\/7118","targetHints":{"allow":["GET"]}}],"collection":[{"href":"https:\/\/hotelguerrato.com\/fr\/wp-json\/wp\/v2\/pages"}],"about":[{"href":"https:\/\/hotelguerrato.com\/fr\/wp-json\/wp\/v2\/types\/page"}],"author":[{"embeddable":true,"href":"https:\/\/hotelguerrato.com\/fr\/wp-json\/wp\/v2\/users\/44"}],"replies":[{"embeddable":true,"href":"https:\/\/hotelguerrato.com\/fr\/wp-json\/wp\/v2\/comments?post=7118"}],"version-history":[{"count":3,"href":"https:\/\/hotelguerrato.com\/fr\/wp-json\/wp\/v2\/pages\/7118\/revisions"}],"predecessor-version":[{"id":20373,"href":"https:\/\/hotelguerrato.com\/fr\/wp-json\/wp\/v2\/pages\/7118\/revisions\/20373"}],"up":[{"embeddable":true,"href":"https:\/\/hotelguerrato.com\/fr\/wp-json\/wp\/v2\/pages\/1576"}],"wp:attachment":[{"href":"https:\/\/hotelguerrato.com\/fr\/wp-json\/wp\/v2\/media?parent=7118"}],"curies":[{"name":"wp","href":"https:\/\/api.w.org\/{rel}","templated":true}]}}