{"id":4724,"date":"2018-03-08T13:31:09","date_gmt":"2018-03-08T12:31:09","guid":{"rendered":"https:\/\/hotelguerrato.com\/?page_id=4724"},"modified":"2019-01-08T12:37:35","modified_gmt":"2019-01-08T11:37:35","slug":"nous-rejoindre","status":"publish","type":"page","link":"https:\/\/hotelguerrato.com\/fr\/nous-rejoindre\/","title":{"rendered":"Nous Rejoindre"},"content":{"rendered":"<div class=\"wpb-content-wrapper\"><p>[vc_row el_id=&#8221;informazioni&#8221;][vc_column]<div class=\"ult-spacer spacer-69feab3a31dfe\" data-id=\"69feab3a31dfe\" data-height=\"20\" data-height-mobile=\"20\" data-height-tab=\"20\" data-height-tab-portrait=\"\" data-height-mobile-landscape=\"\" style=\"clear:both;display:block;\"><\/div>[vc_text_separator title=&#8221;NOUS REJOINDRE&#8221; title_align=&#8221;separator_align_left&#8221;]<div class=\"ult-spacer spacer-69feab3a31e35\" data-id=\"69feab3a31e35\" data-height=\"40\" data-height-mobile=\"40\" data-height-tab=\"40\" data-height-tab-portrait=\"\" data-height-mobile-landscape=\"\" style=\"clear:both;display:block;\"><\/div>[\/vc_column][\/vc_row][vc_row][vc_column][vc_tta_accordion style=&#8221;flat&#8221; shape=&#8221;square&#8221; color=&#8221;white&#8221; spacing=&#8221;5&#8243; active_section=&#8221;1&#8243;][vc_tta_section i_icon_fontawesome=&#8221;fa fa-train&#8221; add_icon=&#8221;true&#8221; title=&#8221;Arriv\u00e9e en train&#8221; tab_id=&#8221;1474903733453-1230a877-2a0c&#8221;][vc_column_text]En venant de la gare Saint Lucia: prendre le vaporetto ligne 1, direction Rialto, et descendre March\u00e9 du Rialto. Descendez, passez directement l&#8217;arc et tournez \u00e0 droite, apr\u00e8s une dizaine de m\u00e8tres, prendre la deuxi\u00e8me rue \u00e0 gauche (Calle Drio Le Scimia), o\u00f9 vous verrez l&#8217;entr\u00e9e et le panneau\u00a0 Pensione Guerrato, la r\u00e9ception est au premier \u00e9tage.[\/vc_column_text][\/vc_tta_section][vc_tta_section i_icon_fontawesome=&#8221;fa fa-car&#8221; add_icon=&#8221;true&#8221; title=&#8221;Arriv\u00e9e en voiture&#8221; tab_id=&#8221;1474903733574-8e52115d-8ccc&#8221;][vc_column_text]En arrivant de Piazzale Roma: prendre le vaporetto ligne 1, direction Rialto, et descendre March\u00e9 du Rialto. Descendez, passez directement l&#8217;arc et tournez \u00e0 droite, apr\u00e8s une dizaine de m\u00e8tres, prendre la deuxi\u00e8me rue \u00e0 gauche (Calle Drio Le Scimia), o\u00f9 vous verrez l&#8217;entr\u00e9e et le panneau\u00a0 Pensione Guerrato, la r\u00e9ception est au premier \u00e9tage.[\/vc_column_text][\/vc_tta_section][vc_tta_section i_icon_fontawesome=&#8221;fa fa-plane&#8221; add_icon=&#8221;true&#8221; title=&#8221;Arriv\u00e9e en avion (de l&#8217;a\u00e9roport de Venise)&#8221; tab_id=&#8221;1474903866756-5bfd595b-4786&#8243;][vc_column_text]En arrivant de l&#8217;a\u00e9roport Marco Polo: prendre le bus ACTV 5 ou le bus ATVO Venise &#8211; Piazzale Roma. De l\u00e0, prenez le vaporetto n \u00b0 1, direction Rialto, et descendre March\u00e9 du Rialto. Descendez, passez directement l&#8217;arc et tournez \u00e0 droite, apr\u00e8s une dizaine de m\u00e8tres, prendre la deuxi\u00e8me rue \u00e0 gauche (Calle Drio Le Scimia), o\u00f9 vous verrez l&#8217;entr\u00e9e et le panneau\u00a0 Pensione Guerrato, la r\u00e9ception est au premier \u00e9tage.[\/vc_column_text][\/vc_tta_section][vc_tta_section i_icon_fontawesome=&#8221;fa fa-plane&#8221; add_icon=&#8221;true&#8221; title=&#8221;Arriv\u00e9e en avion (de l&#8217;a\u00e9roport de Treviso)&#8221; tab_id=&#8221;1474904106132-60b106b9-cfc8&#8243;][vc_column_text]En venant de l&#8217;a\u00e9roport A. Canova de Tr\u00e9vise: prendre le bus ATVO Venise &#8211; Piazzale Roma. De l\u00e0, prenez le vaporetto n \u00b0 1, direction Rialto, et descendre March\u00e9 du Rialto. Descendez, passez directement l&#8217;arc et tournez \u00e0 droite, apr\u00e8s une dizaine de m\u00e8tres, prendre la deuxi\u00e8me rue \u00e0 gauche (Calle Drio Le Scimia), o\u00f9 vous verrez l&#8217;entr\u00e9e et le panneau\u00a0 Pensione Guerrato, la r\u00e9ception est au premier \u00e9tage.[\/vc_column_text][\/vc_tta_section][vc_tta_section i_icon_fontawesome=&#8221;fa fa-ship&#8221; add_icon=&#8221;true&#8221; title=&#8221;Arriv\u00e9e en avion + bateau (de l&#8217;a\u00e9roport de Venise)&#8221; tab_id=&#8221;1474904221990-f76285e3-8a02&#8243;][vc_column_text]En arrivant \u00e0 l&#8217;a\u00e9roport Marco Polo: prendre un service de bateau Alilaguna (orange) \u00e0 partir de Marco Polo jusqu&#8217;\u00e0 Rialto. Descedre \u00e0 l&#8217;arr\u00eat Rialto. Vous pouvez prendre le bateau ligne 1 pour l&#8217;arr\u00eat March\u00e9 de Rialto et \u00e0 partir de l\u00e0, rejoindre l&#8217;h\u00f4tel. Ou vous pouvez traverser \u00e0 pied la pont de Rialto, continuez tout droit \u00e0 travers la zone de stands pour une centaine de m\u00e8tres, jusqu&#8217;\u00e0 la filiale Unicredit &#8211; Banca di Roma. Puis marcher quelques m\u00e8tres et prendre la deuxi\u00e8me rue \u00e0 droite (Calle Drio le Scimia) o\u00f9 vous trouverez l&#8217;entr\u00e9e de la Pensione Guerrato.[\/vc_column_text][\/vc_tta_section][vc_tta_section i_icon_fontawesome=&#8221;fa fa-ship&#8221; add_icon=&#8221;true&#8221; title=&#8221;Arriv\u00e9e de croisi\u00e8re&#8221; tab_id=&#8221;1474904388853-b85d7117-68a0&#8243;][vc_column_text]En arrivant au Port de Venise, prendre le train People Mover \u00e0 Venise &#8211; Piazzale Roma. De l\u00e0, prenez le vaporetto n \u00b0 1, direction Rialto, et descendre March\u00e9 du Rialto. Descendez, passez directement l&#8217;arc et tournez \u00e0 droite, apr\u00e8s une dizaine de m\u00e8tres, prendre la deuxi\u00e8me rue \u00e0 gauche (Calle Drio Le Scimia), o\u00f9 vous verrez l&#8217;entr\u00e9e et le panneau\u00a0 Pensione Guerrato, la r\u00e9ception est au premier \u00e9tage.[\/vc_column_text][\/vc_tta_section][\/vc_tta_accordion][\/vc_column][\/vc_row][vc_row el_id=&#8221;contact&#8221;][vc_column]<div class=\"ult-spacer spacer-69feab3a31e52\" data-id=\"69feab3a31e52\" data-height=\"20\" data-height-mobile=\"20\" data-height-tab=\"20\" data-height-tab-portrait=\"\" data-height-mobile-landscape=\"\" style=\"clear:both;display:block;\"><\/div>[vc_text_separator title=&#8221;MAP&#8221;]<div class=\"ult-spacer spacer-69feab3a31e6d\" data-id=\"69feab3a31e6d\" data-height=\"20\" data-height-mobile=\"20\" data-height-tab=\"20\" data-height-tab-portrait=\"\" data-height-mobile-landscape=\"\" style=\"clear:both;display:block;\"><\/div>[vc_gmaps link=&#8221;#E-8_JTNDaWZyYW1lJTIwc3JjJTNEJTIyaHR0cHMlM0ElMkYlMkZ3d3cuZ29vZ2xlLmNvbSUyRm1hcHMlMkZlbWJlZCUzRnBiJTNEJTIxMW0xOCUyMTFtMTIlMjExbTMlMjExZDI3OTkuNTEyNzQ0MjA4NzQxNCUyMTJkMTIuMzMyNDU4OTUxNjg3NDUlMjEzZDQ1LjQzOTMyMjc0MzAyMDQ5JTIxMm0zJTIxMWYwJTIxMmYwJTIxM2YwJTIxM20yJTIxMWkxMDI0JTIxMmk3NjglMjE0ZjEzLjElMjEzbTMlMjExbTIlMjExczB4NDc3ZWIxZGI3MDlkYzBjNyUyNTNBMHhkYjAzNTI2N2NmZjk0MzMxJTIxMnNQZW5zaW9uZSUyQkd1ZXJyYXRvJTJCUy5SLkwuJTIxNWUwJTIxM20yJTIxMXNpdCUyMTJzaXQlMjE0djE0NzIwMzI2NTc1MzYlMjIlMjB3aWR0aCUzRCUyMjYwMCUyMiUyMGhlaWdodCUzRCUyMjQ1MCUyMiUyMGZyYW1lYm9yZGVyJTNEJTIyMCUyMiUyMHN0eWxlJTNEJTIyYm9yZGVyJTNBMCUyMiUyMGFsbG93ZnVsbHNjcmVlbiUzRSUzQyUyRmlmcmFtZSUzRQ==&#8221; size=&#8221;&#8221;]<div class=\"ult-spacer spacer-69feab3a31e87\" data-id=\"69feab3a31e87\" data-height=\"40\" data-height-mobile=\"40\" data-height-tab=\"40\" data-height-tab-portrait=\"\" data-height-mobile-landscape=\"\" style=\"clear:both;display:block;\"><\/div>[\/vc_column][\/vc_row]<\/p>\n<\/div>","protected":false},"excerpt":{"rendered":"<p>[vc_row el_id=&#8221;informazioni&#8221;][vc_column][vc_text_separator title=&#8221;NOUS REJOINDRE&#8221; title_align=&#8221;separator_align_left&#8221;][\/vc_column][\/vc_row][vc_row][vc_column][vc_tta_accordion style=&#8221;flat&#8221; shape=&#8221;square&#8221; color=&#8221;white&#8221; spacing=&#8221;5&#8243; active_section=&#8221;1&#8243;][vc_tta_section i_icon_fontawesome=&#8221;fa fa-train&#8221; add_icon=&#8221;true&#8221; title=&#8221;Arriv\u00e9e en train&#8221; tab_id=&#8221;1474903733453-1230a877-2a0c&#8221;][vc_column_text]En venant de la gare Saint Lucia: prendre le vaporetto ligne 1, direction Rialto, et descendre March\u00e9 du Rialto. Descendez, passez directement l&#8217;arc et tournez \u00e0 droite, apr\u00e8s une dizaine de m\u00e8tres, prendre la deuxi\u00e8me rue \u00e0 gauche (Calle [&hellip;]<\/p>\n","protected":false},"author":44,"featured_media":0,"parent":0,"menu_order":0,"comment_status":"closed","ping_status":"closed","template":"","meta":{"_monsterinsights_skip_tracking":false,"_monsterinsights_sitenote_active":false,"_monsterinsights_sitenote_note":"","_monsterinsights_sitenote_category":0,"footnotes":""},"class_list":["post-4724","page","type-page","status-publish","hentry"],"yoast_head":"<!-- This site is optimized with the Yoast SEO plugin v27.5 - https:\/\/yoast.com\/product\/yoast-seo-wordpress\/ -->\n<title>Nous Rejoindre ~ Pensione Guerrato<\/title>\n<meta name=\"robots\" content=\"index, follow, max-snippet:-1, max-image-preview:large, max-video-preview:-1\" \/>\n<link rel=\"canonical\" href=\"https:\/\/hotelguerrato.com\/how-to-arrive\/\" \/>\n<meta property=\"og:locale\" content=\"fr_FR\" \/>\n<meta property=\"og:type\" content=\"article\" \/>\n<meta property=\"og:title\" content=\"Nous Rejoindre ~ Pensione Guerrato\" \/>\n<meta property=\"og:description\" content=\"[vc_row el_id=&#8221;informazioni&#8221;][vc_column][vc_text_separator title=&#8221;NOUS REJOINDRE&#8221; title_align=&#8221;separator_align_left&#8221;][\/vc_column][\/vc_row][vc_row][vc_column][vc_tta_accordion style=&#8221;flat&#8221; shape=&#8221;square&#8221; color=&#8221;white&#8221; spacing=&#8221;5&#8243; active_section=&#8221;1&#8243;][vc_tta_section i_icon_fontawesome=&#8221;fa fa-train&#8221; add_icon=&#8221;true&#8221; title=&#8221;Arriv\u00e9e en train&#8221; tab_id=&#8221;1474903733453-1230a877-2a0c&#8221;][vc_column_text]En venant de la gare Saint Lucia: prendre le vaporetto ligne 1, direction Rialto, et descendre March\u00e9 du Rialto. Descendez, passez directement l&#8217;arc et tournez \u00e0 droite, apr\u00e8s une dizaine de m\u00e8tres, prendre la deuxi\u00e8me rue \u00e0 gauche (Calle [&hellip;]\" \/>\n<meta property=\"og:url\" content=\"https:\/\/hotelguerrato.com\/how-to-arrive\/\" \/>\n<meta property=\"og:site_name\" content=\"Pensione Guerrato\" \/>\n<meta property=\"article:modified_time\" content=\"2019-01-08T11:37:35+00:00\" \/>\n<meta name=\"twitter:card\" content=\"summary_large_image\" \/>\n<meta name=\"twitter:label1\" content=\"Est. reading time\" \/>\n\t<meta name=\"twitter:data1\" content=\"4 minutes\" \/>\n<script type=\"application\/ld+json\" class=\"yoast-schema-graph\">{\"@context\":\"https:\\\/\\\/schema.org\",\"@graph\":[{\"@type\":\"WebPage\",\"@id\":\"https:\\\/\\\/hotelguerrato.com\\\/how-to-arrive\\\/\",\"url\":\"https:\\\/\\\/hotelguerrato.com\\\/how-to-arrive\\\/\",\"name\":\"Nous Rejoindre ~ Pensione Guerrato\",\"isPartOf\":{\"@id\":\"https:\\\/\\\/hotelguerrato.com\\\/#website\"},\"datePublished\":\"2018-03-08T12:31:09+00:00\",\"dateModified\":\"2019-01-08T11:37:35+00:00\",\"breadcrumb\":{\"@id\":\"https:\\\/\\\/hotelguerrato.com\\\/how-to-arrive\\\/#breadcrumb\"},\"inLanguage\":\"fr-FR\",\"potentialAction\":[{\"@type\":\"ReadAction\",\"target\":[\"https:\\\/\\\/hotelguerrato.com\\\/how-to-arrive\\\/\"]}]},{\"@type\":\"BreadcrumbList\",\"@id\":\"https:\\\/\\\/hotelguerrato.com\\\/how-to-arrive\\\/#breadcrumb\",\"itemListElement\":[{\"@type\":\"ListItem\",\"position\":1,\"name\":\"Home\",\"item\":\"https:\\\/\\\/hotelguerrato.com\\\/fr\\\/\"},{\"@type\":\"ListItem\",\"position\":2,\"name\":\"Nous Rejoindre\"}]},{\"@type\":\"WebSite\",\"@id\":\"https:\\\/\\\/hotelguerrato.com\\\/#website\",\"url\":\"https:\\\/\\\/hotelguerrato.com\\\/\",\"name\":\"Pensione Guerrato\",\"description\":\"Charming family hotel in the heart of Venice\",\"potentialAction\":[{\"@type\":\"SearchAction\",\"target\":{\"@type\":\"EntryPoint\",\"urlTemplate\":\"https:\\\/\\\/hotelguerrato.com\\\/?s={search_term_string}\"},\"query-input\":{\"@type\":\"PropertyValueSpecification\",\"valueRequired\":true,\"valueName\":\"search_term_string\"}}],\"inLanguage\":\"fr-FR\"}]}<\/script>\n<!-- \/ Yoast SEO plugin. -->","yoast_head_json":{"title":"Nous Rejoindre ~ Pensione Guerrato","robots":{"index":"index","follow":"follow","max-snippet":"max-snippet:-1","max-image-preview":"max-image-preview:large","max-video-preview":"max-video-preview:-1"},"canonical":"https:\/\/hotelguerrato.com\/how-to-arrive\/","og_locale":"fr_FR","og_type":"article","og_title":"Nous Rejoindre ~ Pensione Guerrato","og_description":"[vc_row el_id=&#8221;informazioni&#8221;][vc_column][vc_text_separator title=&#8221;NOUS REJOINDRE&#8221; title_align=&#8221;separator_align_left&#8221;][\/vc_column][\/vc_row][vc_row][vc_column][vc_tta_accordion style=&#8221;flat&#8221; shape=&#8221;square&#8221; color=&#8221;white&#8221; spacing=&#8221;5&#8243; active_section=&#8221;1&#8243;][vc_tta_section i_icon_fontawesome=&#8221;fa fa-train&#8221; add_icon=&#8221;true&#8221; title=&#8221;Arriv\u00e9e en train&#8221; tab_id=&#8221;1474903733453-1230a877-2a0c&#8221;][vc_column_text]En venant de la gare Saint Lucia: prendre le vaporetto ligne 1, direction Rialto, et descendre March\u00e9 du Rialto. Descendez, passez directement l&#8217;arc et tournez \u00e0 droite, apr\u00e8s une dizaine de m\u00e8tres, prendre la deuxi\u00e8me rue \u00e0 gauche (Calle [&hellip;]","og_url":"https:\/\/hotelguerrato.com\/how-to-arrive\/","og_site_name":"Pensione Guerrato","article_modified_time":"2019-01-08T11:37:35+00:00","twitter_card":"summary_large_image","twitter_misc":{"Est. reading time":"4 minutes"},"schema":{"@context":"https:\/\/schema.org","@graph":[{"@type":"WebPage","@id":"https:\/\/hotelguerrato.com\/how-to-arrive\/","url":"https:\/\/hotelguerrato.com\/how-to-arrive\/","name":"Nous Rejoindre ~ Pensione Guerrato","isPartOf":{"@id":"https:\/\/hotelguerrato.com\/#website"},"datePublished":"2018-03-08T12:31:09+00:00","dateModified":"2019-01-08T11:37:35+00:00","breadcrumb":{"@id":"https:\/\/hotelguerrato.com\/how-to-arrive\/#breadcrumb"},"inLanguage":"fr-FR","potentialAction":[{"@type":"ReadAction","target":["https:\/\/hotelguerrato.com\/how-to-arrive\/"]}]},{"@type":"BreadcrumbList","@id":"https:\/\/hotelguerrato.com\/how-to-arrive\/#breadcrumb","itemListElement":[{"@type":"ListItem","position":1,"name":"Home","item":"https:\/\/hotelguerrato.com\/fr\/"},{"@type":"ListItem","position":2,"name":"Nous Rejoindre"}]},{"@type":"WebSite","@id":"https:\/\/hotelguerrato.com\/#website","url":"https:\/\/hotelguerrato.com\/","name":"Pensione Guerrato","description":"Charming family hotel in the heart of Venice","potentialAction":[{"@type":"SearchAction","target":{"@type":"EntryPoint","urlTemplate":"https:\/\/hotelguerrato.com\/?s={search_term_string}"},"query-input":{"@type":"PropertyValueSpecification","valueRequired":true,"valueName":"search_term_string"}}],"inLanguage":"fr-FR"}]}},"_links":{"self":[{"href":"https:\/\/hotelguerrato.com\/fr\/wp-json\/wp\/v2\/pages\/4724","targetHints":{"allow":["GET"]}}],"collection":[{"href":"https:\/\/hotelguerrato.com\/fr\/wp-json\/wp\/v2\/pages"}],"about":[{"href":"https:\/\/hotelguerrato.com\/fr\/wp-json\/wp\/v2\/types\/page"}],"author":[{"embeddable":true,"href":"https:\/\/hotelguerrato.com\/fr\/wp-json\/wp\/v2\/users\/44"}],"replies":[{"embeddable":true,"href":"https:\/\/hotelguerrato.com\/fr\/wp-json\/wp\/v2\/comments?post=4724"}],"version-history":[{"count":4,"href":"https:\/\/hotelguerrato.com\/fr\/wp-json\/wp\/v2\/pages\/4724\/revisions"}],"predecessor-version":[{"id":4919,"href":"https:\/\/hotelguerrato.com\/fr\/wp-json\/wp\/v2\/pages\/4724\/revisions\/4919"}],"wp:attachment":[{"href":"https:\/\/hotelguerrato.com\/fr\/wp-json\/wp\/v2\/media?parent=4724"}],"curies":[{"name":"wp","href":"https:\/\/api.w.org\/{rel}","templated":true}]}}