{"id":4314,"date":"2018-01-24T13:02:42","date_gmt":"2018-01-24T12:02:42","guid":{"rendered":"https:\/\/hotelguerrato.com\/?page_id=4314"},"modified":"2024-07-22T10:23:40","modified_gmt":"2024-07-22T08:23:40","slug":"pensione-guerrato","status":"publish","type":"page","link":"https:\/\/hotelguerrato.com\/fr\/reservation\/pensione-guerrato\/","title":{"rendered":"Hotel Guerrato"},"content":{"rendered":"<div class=\"wpb-content-wrapper\"><p>[vc_row][vc_column width=&#8221;2\/3&#8243;][vc_text_separator title=&#8221;Histoire du palais&#8221; title_align=&#8221;separator_align_left&#8221;]<div class=\"ult-spacer spacer-69fb16317217c\" data-id=\"69fb16317217c\" data-height=\"20\" data-height-mobile=\"20\" data-height-tab=\"20\" data-height-tab-portrait=\"\" data-height-mobile-landscape=\"\" style=\"clear:both;display:block;\"><\/div>[vc_custom_heading text=&#8221;La Pensione Guerrato se trouve \u00e0 l\u2019int\u00e9rieur d\u2019un palais v\u00e9nitien dont la construction a commenc\u00e9 en 1227. Le palais fut donn\u00e9 aux s\u0153urs de San Lorenzo et ses chambres furent lou\u00e9es jusqu\u2019en 1381 aux marchands de passage \u00e0 Venise et aux v\u00e9nitiens.<\/p>\n<p>Le palais fut une sorte de chambres d\u2019h\u00f4te du nom de &#8220;Della Scimia&#8220;, c\u2019est-\u00e0-dire &#8220;du Singe&#8220;. En 1513, un terrible incendie d\u00e9truisit le palais durant sa restructuration, effectu\u00e9e par les s\u0153urs de San Lorenzo. Le palais resta un &#8220;h\u00f4tel&#8220; jusqu\u2019en 1713. D\u2019apr\u00e8s des \u00e9crits de cette p\u00e9riode, c\u2019est seulement \u00e0 cette \u00e9poque que les s\u0153urs s\u2019y install\u00e8rent.<\/p>\n<p>Nous savons que l\u2019historien Giuseppe Tassini parlait d\u00e9j\u00e0 de la Pensione dans le livre Curiosit\u00e0 Veneziane (Curiosit\u00e9s de Venise) o\u00f9 il faisait r\u00e9f\u00e9rence \u00e0 la &#8220;calle&#8220; parall\u00e8le, qui retrace l\u2019histoire et l\u2019ambiance des alentours de l\u2019h\u00f4tel.<br \/>\nAinsi, il nous donne des informations sur le palais, o\u00f9 viennent encore aujourd\u2019hui loger des touristes:<\/p>\n<p>\u00abScimia (singe) (Calle della) ou delle Spade, \u00e0 Rialto, pr\u00e8s de la Pescheria Grande. Nous trouvons que, jusqu\u2019\u00e0 1498, cette petite rue s\u2019appelle &#8220;calle della Scimia&#8220; et prend son nom d\u2019un bistrot, qui \u00e9tait dans le palais que Giovanni Venier avait donn\u00e9 aux s\u0153urs de San Lorenzo, le 5 septembre 1227, avec un document stipul\u00e9 chez le pr\u00eatre ou chez le notaire Pietro Bonvicini. D\u00e8s 27 f\u00e9vrier 1381, les s\u0153urs avaient transform\u00e9 l\u2019immeuble dans un bistro, appel\u00e9 &#8220;della Scimia&#8220;. Sanudo dans son livre Diarii, raconte que ce palais \u00e9tait br\u00fbl\u00e9 dans un terrible incendie en 1513, et le bistrot \u2013 qui appartenait aux religieuses \u2013 fut aussi d\u00e9truit. Ce palais avait la m\u00eame destination aussi dans le si\u00e8cle pr\u00e9c\u00e9dent, tandis que la description de la paroisse de S. Giovanni Elemosinario en 1713 place dans la &#8220;Calle della Scimia&#8220; au Rialto, un immeuble des s\u0153urs de S. Lorenzo pour le quel Simone Moscaroni, patron du bistrot &#8220;Scimia&#8220;, payait la location. Il para\u00eet que dans la m\u00eame rue il y avait un bistrot qui s\u2019appelait &#8220;delle Spade&#8220;, de qui d\u00e9rive son nom la prochaine &#8220;calle dietro le Spade&#8220; \u2013 et qui \u00e9tait diff\u00e9rent du bistrot &#8220;della Scimia&#8220; \u2013 pr\u00e8s du &#8220;Rio delle Beccherie&#8220; \u00bb.&#8221; font_container=&#8221;tag:p|text_align:left&#8221; google_fonts=&#8221;font_family:Lato%3A100%2C100italic%2C300%2C300italic%2Cregular%2Citalic%2C700%2C700italic%2C900%2C900italic|font_style:400%20regular%3A400%3Anormal&#8221;][\/vc_column][vc_column width=&#8221;1\/3&#8243;]<div class=\"ult-spacer spacer-69fb1631721a7\" data-id=\"69fb1631721a7\" data-height=\"60\" data-height-mobile=\"60\" data-height-tab=\"60\" data-height-tab-portrait=\"\" data-height-mobile-landscape=\"\" style=\"clear:both;display:block;\"><\/div>[vc_gmaps link=&#8221;#E-8_JTNDaWZyYW1lJTIwc3JjJTNEJTIyaHR0cHMlM0ElMkYlMkZ3d3cuZ29vZ2xlLmNvbSUyRm1hcHMlMkZlbWJlZCUzRnBiJTNEJTIxMW0xOCUyMTFtMTIlMjExbTMlMjExZDI3OTkuNTEyNzQ0MjA4NzQxNCUyMTJkMTIuMzMyNDU4OTUxNjg3NDUlMjEzZDQ1LjQzOTMyMjc0MzAyMDQ5JTIxMm0zJTIxMWYwJTIxMmYwJTIxM2YwJTIxM20yJTIxMWkxMDI0JTIxMmk3NjglMjE0ZjEzLjElMjEzbTMlMjExbTIlMjExczB4NDc3ZWIxZGI3MDlkYzBjNyUyNTNBMHhkYjAzNTI2N2NmZjk0MzMxJTIxMnNQZW5zaW9uZSUyQkd1ZXJyYXRvJTJCUy5SLkwuJTIxNWUwJTIxM20yJTIxMXNpdCUyMTJzaXQlMjE0djE0NzIwMzI2NTc1MzYlMjIlMjB3aWR0aCUzRCUyMjYwMCUyMiUyMGhlaWdodCUzRCUyMjQ1MCUyMiUyMGZyYW1lYm9yZGVyJTNEJTIyMCUyMiUyMHN0eWxlJTNEJTIyYm9yZGVyJTNBMCUyMiUyMGFsbG93ZnVsbHNjcmVlbiUzRSUzQyUyRmlmcmFtZSUzRQ==&#8221; size=&#8221;300&#8243;][\/vc_column][\/vc_row][vc_row][vc_column]<div class=\"ult-spacer spacer-69fb1631721c3\" data-id=\"69fb1631721c3\" data-height=\"40\" data-height-mobile=\"40\" data-height-tab=\"40\" data-height-tab-portrait=\"\" data-height-mobile-landscape=\"\" style=\"clear:both;display:block;\"><\/div>[vc_text_separator title=&#8221;Galerie&#8221; title_align=&#8221;separator_align_left&#8221;]<div class=\"ult-spacer spacer-69fb1631721dc\" data-id=\"69fb1631721dc\" data-height=\"20\" data-height-mobile=\"20\" data-height-tab=\"20\" data-height-tab-portrait=\"\" data-height-mobile-landscape=\"\" style=\"clear:both;display:block;\"><\/div>[vc_masonry_media_grid grid_id=&#8221;vc_gid:1721636562184-0e34746c-8d52-7&#8243; include=&#8221;6310,6313,6316,6319,6322,6325,6328,6331,6337,6340,6343,6346,6349,6352,6355,6361,6364,6367,6370,6373,6376,6379,6382,6385,6388,6391,6394,6397,6400,6403,6406,6412,6415,6421,6424,6430,6433,6436,6439,6442&#8243;][\/vc_column][\/vc_row]<\/p>\n<\/div>","protected":false},"excerpt":{"rendered":"<p>[vc_row][vc_column width=&#8221;2\/3&#8243;][vc_text_separator title=&#8221;Histoire du palais&#8221; title_align=&#8221;separator_align_left&#8221;][vc_custom_heading text=&#8221;La Pensione Guerrato se trouve \u00e0 l\u2019int\u00e9rieur d\u2019un palais v\u00e9nitien dont la construction a commenc\u00e9 en 1227. Le palais fut donn\u00e9 aux s\u0153urs de San Lorenzo et ses chambres furent lou\u00e9es jusqu\u2019en 1381 aux marchands de passage \u00e0 Venise et aux v\u00e9nitiens. Le palais fut une sorte de chambres [&hellip;]<\/p>\n","protected":false},"author":1,"featured_media":0,"parent":1576,"menu_order":0,"comment_status":"closed","ping_status":"closed","template":"","meta":{"_monsterinsights_skip_tracking":false,"_monsterinsights_sitenote_active":false,"_monsterinsights_sitenote_note":"","_monsterinsights_sitenote_category":0,"footnotes":""},"class_list":["post-4314","page","type-page","status-publish","hentry"],"yoast_head":"<!-- This site is optimized with the Yoast SEO plugin v27.5 - https:\/\/yoast.com\/product\/yoast-seo-wordpress\/ -->\n<title>Hotel Guerrato ~ Pensione Guerrato<\/title>\n<meta name=\"robots\" content=\"index, follow, max-snippet:-1, max-image-preview:large, max-video-preview:-1\" \/>\n<link rel=\"canonical\" href=\"https:\/\/hotelguerrato.com\/fr\/reservation\/pensione-guerrato\/\" \/>\n<meta property=\"og:locale\" content=\"fr_FR\" \/>\n<meta property=\"og:type\" content=\"article\" \/>\n<meta property=\"og:title\" content=\"Hotel Guerrato ~ Pensione Guerrato\" \/>\n<meta property=\"og:description\" content=\"[vc_row][vc_column width=&#8221;2\/3&#8243;][vc_text_separator title=&#8221;Histoire du palais&#8221; title_align=&#8221;separator_align_left&#8221;][vc_custom_heading text=&#8221;La Pensione Guerrato se trouve \u00e0 l\u2019int\u00e9rieur d\u2019un palais v\u00e9nitien dont la construction a commenc\u00e9 en 1227. Le palais fut donn\u00e9 aux s\u0153urs de San Lorenzo et ses chambres furent lou\u00e9es jusqu\u2019en 1381 aux marchands de passage \u00e0 Venise et aux v\u00e9nitiens. Le palais fut une sorte de chambres [&hellip;]\" \/>\n<meta property=\"og:url\" content=\"https:\/\/hotelguerrato.com\/fr\/reservation\/pensione-guerrato\/\" \/>\n<meta property=\"og:site_name\" content=\"Pensione Guerrato\" \/>\n<meta property=\"article:modified_time\" content=\"2024-07-22T08:23:40+00:00\" \/>\n<meta name=\"twitter:card\" content=\"summary_large_image\" \/>\n<meta name=\"twitter:label1\" content=\"Est. reading time\" \/>\n\t<meta name=\"twitter:data1\" content=\"10 minutes\" \/>\n<script type=\"application\/ld+json\" class=\"yoast-schema-graph\">{\"@context\":\"https:\\\/\\\/schema.org\",\"@graph\":[{\"@type\":\"WebPage\",\"@id\":\"https:\\\/\\\/hotelguerrato.com\\\/fr\\\/reservation\\\/pensione-guerrato\\\/\",\"url\":\"https:\\\/\\\/hotelguerrato.com\\\/fr\\\/reservation\\\/pensione-guerrato\\\/\",\"name\":\"Hotel Guerrato ~ Pensione Guerrato\",\"isPartOf\":{\"@id\":\"https:\\\/\\\/hotelguerrato.com\\\/#website\"},\"datePublished\":\"2018-01-24T12:02:42+00:00\",\"dateModified\":\"2024-07-22T08:23:40+00:00\",\"breadcrumb\":{\"@id\":\"https:\\\/\\\/hotelguerrato.com\\\/fr\\\/reservation\\\/pensione-guerrato\\\/#breadcrumb\"},\"inLanguage\":\"fr-FR\",\"potentialAction\":[{\"@type\":\"ReadAction\",\"target\":[\"https:\\\/\\\/hotelguerrato.com\\\/fr\\\/reservation\\\/pensione-guerrato\\\/\"]}]},{\"@type\":\"BreadcrumbList\",\"@id\":\"https:\\\/\\\/hotelguerrato.com\\\/fr\\\/reservation\\\/pensione-guerrato\\\/#breadcrumb\",\"itemListElement\":[{\"@type\":\"ListItem\",\"position\":1,\"name\":\"Home\",\"item\":\"https:\\\/\\\/hotelguerrato.com\\\/fr\\\/\"},{\"@type\":\"ListItem\",\"position\":2,\"name\":\"R\u00e9servation\",\"item\":\"https:\\\/\\\/hotelguerrato.com\\\/booking\\\/\"},{\"@type\":\"ListItem\",\"position\":3,\"name\":\"Hotel Guerrato\"}]},{\"@type\":\"WebSite\",\"@id\":\"https:\\\/\\\/hotelguerrato.com\\\/#website\",\"url\":\"https:\\\/\\\/hotelguerrato.com\\\/\",\"name\":\"Pensione Guerrato\",\"description\":\"Charming family hotel in the heart of Venice\",\"potentialAction\":[{\"@type\":\"SearchAction\",\"target\":{\"@type\":\"EntryPoint\",\"urlTemplate\":\"https:\\\/\\\/hotelguerrato.com\\\/?s={search_term_string}\"},\"query-input\":{\"@type\":\"PropertyValueSpecification\",\"valueRequired\":true,\"valueName\":\"search_term_string\"}}],\"inLanguage\":\"fr-FR\"}]}<\/script>\n<!-- \/ Yoast SEO plugin. -->","yoast_head_json":{"title":"Hotel Guerrato ~ Pensione Guerrato","robots":{"index":"index","follow":"follow","max-snippet":"max-snippet:-1","max-image-preview":"max-image-preview:large","max-video-preview":"max-video-preview:-1"},"canonical":"https:\/\/hotelguerrato.com\/fr\/reservation\/pensione-guerrato\/","og_locale":"fr_FR","og_type":"article","og_title":"Hotel Guerrato ~ Pensione Guerrato","og_description":"[vc_row][vc_column width=&#8221;2\/3&#8243;][vc_text_separator title=&#8221;Histoire du palais&#8221; title_align=&#8221;separator_align_left&#8221;][vc_custom_heading text=&#8221;La Pensione Guerrato se trouve \u00e0 l\u2019int\u00e9rieur d\u2019un palais v\u00e9nitien dont la construction a commenc\u00e9 en 1227. Le palais fut donn\u00e9 aux s\u0153urs de San Lorenzo et ses chambres furent lou\u00e9es jusqu\u2019en 1381 aux marchands de passage \u00e0 Venise et aux v\u00e9nitiens. Le palais fut une sorte de chambres [&hellip;]","og_url":"https:\/\/hotelguerrato.com\/fr\/reservation\/pensione-guerrato\/","og_site_name":"Pensione Guerrato","article_modified_time":"2024-07-22T08:23:40+00:00","twitter_card":"summary_large_image","twitter_misc":{"Est. reading time":"10 minutes"},"schema":{"@context":"https:\/\/schema.org","@graph":[{"@type":"WebPage","@id":"https:\/\/hotelguerrato.com\/fr\/reservation\/pensione-guerrato\/","url":"https:\/\/hotelguerrato.com\/fr\/reservation\/pensione-guerrato\/","name":"Hotel Guerrato ~ Pensione Guerrato","isPartOf":{"@id":"https:\/\/hotelguerrato.com\/#website"},"datePublished":"2018-01-24T12:02:42+00:00","dateModified":"2024-07-22T08:23:40+00:00","breadcrumb":{"@id":"https:\/\/hotelguerrato.com\/fr\/reservation\/pensione-guerrato\/#breadcrumb"},"inLanguage":"fr-FR","potentialAction":[{"@type":"ReadAction","target":["https:\/\/hotelguerrato.com\/fr\/reservation\/pensione-guerrato\/"]}]},{"@type":"BreadcrumbList","@id":"https:\/\/hotelguerrato.com\/fr\/reservation\/pensione-guerrato\/#breadcrumb","itemListElement":[{"@type":"ListItem","position":1,"name":"Home","item":"https:\/\/hotelguerrato.com\/fr\/"},{"@type":"ListItem","position":2,"name":"R\u00e9servation","item":"https:\/\/hotelguerrato.com\/booking\/"},{"@type":"ListItem","position":3,"name":"Hotel Guerrato"}]},{"@type":"WebSite","@id":"https:\/\/hotelguerrato.com\/#website","url":"https:\/\/hotelguerrato.com\/","name":"Pensione Guerrato","description":"Charming family hotel in the heart of Venice","potentialAction":[{"@type":"SearchAction","target":{"@type":"EntryPoint","urlTemplate":"https:\/\/hotelguerrato.com\/?s={search_term_string}"},"query-input":{"@type":"PropertyValueSpecification","valueRequired":true,"valueName":"search_term_string"}}],"inLanguage":"fr-FR"}]}},"_links":{"self":[{"href":"https:\/\/hotelguerrato.com\/fr\/wp-json\/wp\/v2\/pages\/4314","targetHints":{"allow":["GET"]}}],"collection":[{"href":"https:\/\/hotelguerrato.com\/fr\/wp-json\/wp\/v2\/pages"}],"about":[{"href":"https:\/\/hotelguerrato.com\/fr\/wp-json\/wp\/v2\/types\/page"}],"author":[{"embeddable":true,"href":"https:\/\/hotelguerrato.com\/fr\/wp-json\/wp\/v2\/users\/1"}],"replies":[{"embeddable":true,"href":"https:\/\/hotelguerrato.com\/fr\/wp-json\/wp\/v2\/comments?post=4314"}],"version-history":[{"count":5,"href":"https:\/\/hotelguerrato.com\/fr\/wp-json\/wp\/v2\/pages\/4314\/revisions"}],"predecessor-version":[{"id":21243,"href":"https:\/\/hotelguerrato.com\/fr\/wp-json\/wp\/v2\/pages\/4314\/revisions\/21243"}],"up":[{"embeddable":true,"href":"https:\/\/hotelguerrato.com\/fr\/wp-json\/wp\/v2\/pages\/1576"}],"wp:attachment":[{"href":"https:\/\/hotelguerrato.com\/fr\/wp-json\/wp\/v2\/media?parent=4314"}],"curies":[{"name":"wp","href":"https:\/\/api.w.org\/{rel}","templated":true}]}}