{"id":1558,"date":"2016-08-23T15:46:58","date_gmt":"2016-08-23T13:46:58","guid":{"rendered":"https:\/\/hotelguerrato.com\/fr\/home\/"},"modified":"2024-03-13T14:32:47","modified_gmt":"2024-03-13T13:32:47","slug":"accueil","status":"publish","type":"page","link":"https:\/\/hotelguerrato.com\/fr\/","title":{"rendered":"Accueil"},"content":{"rendered":"<div class=\"wpb-content-wrapper\"><p>[vc_row][vc_column][vc_column_text]<\/p>\n<div style=\"text-align: center; font-size: 20px; font-family: 'Lato', Arial, 'Helvetica Neue', Helvetica, sans-serif;\">\n<p><strong style=\"font-size: 20px;\">R\u00c9SERVEZ DIRECTEMENT SUR NOTRE SITE INTERNET.<\/strong><\/p>\n<p><strong style=\"font-size: 20px;\">EN \u00c9VITANT LES INTERM\u00c9DIAIRES, ON VOUS GARANTIE LE MEILLEUR PRIX.<\/strong><\/p>\n<\/div>\n<p>[\/vc_column_text]<div class=\"ult-spacer spacer-69e0929017dd0\" data-id=\"69e0929017dd0\" data-height=\"40\" data-height-mobile=\"40\" data-height-tab=\"40\" data-height-tab-portrait=\"\" data-height-mobile-landscape=\"\" style=\"clear:both;display:block;\"><\/div>[\/vc_column][\/vc_row][vc_row][vc_column][vc_column_text]<\/p>\n<div style=\"text-align: center; font-size: 20px; font-family: 'Lato', Arial, 'Helvetica Neue', Helvetica, sans-serif;\">\n<p>En s\u00e9journant dans notre \u00e9tablissement, vous serez exempt\u00e9 du paiement du droit d&#8217;acc\u00e8s.<br \/>\nUne fois votre r\u00e9servation effectu\u00e9e, vous pouvez vous inscrire en cliquant sur le lien suivant:<br \/>\n<a href=\"https:\/\/cda.comune.venezia.it\/fr\/home\" target=\"_blank\" rel=\"noopener\">https:\/\/cda.comune.venezia.it\/fr\/home<\/a><\/p>\n<\/div>\n<p>[\/vc_column_text]<div class=\"ult-spacer spacer-69e0929017dfe\" data-id=\"69e0929017dfe\" data-height=\"40\" data-height-mobile=\"40\" data-height-tab=\"40\" data-height-tab-portrait=\"\" data-height-mobile-landscape=\"\" style=\"clear:both;display:block;\"><\/div>[\/vc_column][\/vc_row][vc_row el_id=&#8221;hotel&#8221;][vc_column][vc_text_separator title=&#8221;PENSIONE GUERRATO&#8221; title_align=&#8221;separator_align_left&#8221;]<div class=\"ult-spacer spacer-69e0929017e19\" data-id=\"69e0929017e19\" data-height=\"20\" data-height-mobile=\"20\" data-height-tab=\"20\" data-height-tab-portrait=\"\" data-height-mobile-landscape=\"\" style=\"clear:both;display:block;\"><\/div>[vc_column_text]<\/p>\n<div class=\"section-legend\">\n<p>La Pensione Guerrato est situ\u00e9e dans le centre de Venise. Au c\u0153ur du march\u00e9 du Rialto, face au Grand Canal et pr\u00e8s du pont du Rialto.<\/p>\n<p>Depuis la Pensione Guerrato vous pourrez rejoindre en quelques minutes la Place Saint Marc, l\u2019Acad\u00e9mie, et tous les lieux touristiques les plus important de Venise, mais vous pourrez aussi d\u00e9couvrir des endroits non indiqu\u00e9s dans les guides touristiques, tout aussi attractifs et int\u00e9ressants.<\/p>\n<p>Nous vous conseillons de vous perdre dans les &#8220;calle&#8221; \u00e0 la d\u00e9couverte de la vraie vie v\u00e9nitienne. Entrer dans une \u00e9glise non indiqu\u00e9e, r\u00e9serve parfois une surprise forte en \u00e9motion; surtout lorsque vous tomberez sur un tableau de Bellini, Veronese, Tiziano ou encore Tintoretto.<\/p>\n<p>Chez Pensione Guerrato, vous vous sentirez comme chez vous, et nous serons \u00e0 votre disposition pour rendre votre s\u00e9jour \u00e0 Venise le plus agr\u00e9able possible.<\/p>\n<\/div>\n<p>[\/vc_column_text]<div class=\"ult-spacer spacer-69e0929017e30\" data-id=\"69e0929017e30\" data-height=\"40\" data-height-mobile=\"40\" data-height-tab=\"40\" data-height-tab-portrait=\"\" data-height-mobile-landscape=\"\" style=\"clear:both;display:block;\"><\/div>[\/vc_column][\/vc_row][vc_row el_id=&#8221;galleria&#8221;][vc_column width=&#8221;1\/2&#8243;][vc_column_text]<\/p>\n<p style=\"text-align: center;\"><a href=\"https:\/\/hotelguerrato.com\/fr\/reservation\/pensione-guerrato\/\">PENSIONE GUERRATO<\/a><\/p>\n<p>[\/vc_column_text][vc_single_image image=&#8221;14191&#8243; img_size=&#8221;medium&#8221; alignment=&#8221;center&#8221; onclick=&#8221;custom_link&#8221; css_animation=&#8221;fadeIn&#8221; link=&#8221;https:\/\/hotelguerrato.com\/fr\/reservation\/pensione-guerrato\/&#8221;][\/vc_column][vc_column width=&#8221;1\/2&#8243;][vc_column_text]<\/p>\n<p style=\"text-align: center;\"><a href=\"https:\/\/hotelguerrato.com\/fr\/reservation\/scudi\/\">SCUDI<\/a><\/p>\n<p>[\/vc_column_text][vc_single_image image=&#8221;7038&#8243; img_size=&#8221;medium&#8221; alignment=&#8221;center&#8221; onclick=&#8221;custom_link&#8221; css_animation=&#8221;fadeIn&#8221; link=&#8221;https:\/\/hotelguerrato.com\/fr\/reservation\/scudi\/&#8221;][\/vc_column][\/vc_row][vc_row][vc_column]<div class=\"ult-spacer spacer-69e0929017e47\" data-id=\"69e0929017e47\" data-height=\"40\" data-height-mobile=\"40\" data-height-tab=\"40\" data-height-tab-portrait=\"\" data-height-mobile-landscape=\"\" style=\"clear:both;display:block;\"><\/div>[\/vc_column][\/vc_row][vc_row][vc_column][vc_column_text][\/vc_column_text][\/vc_column][\/vc_row]<\/p>\n<\/div>","protected":false},"excerpt":{"rendered":"<p>[vc_row][vc_column][vc_column_text] R\u00c9SERVEZ DIRECTEMENT SUR NOTRE SITE INTERNET. EN \u00c9VITANT LES INTERM\u00c9DIAIRES, ON VOUS GARANTIE LE MEILLEUR PRIX. [\/vc_column_text][\/vc_column][\/vc_row][vc_row][vc_column][vc_column_text] En s\u00e9journant dans notre \u00e9tablissement, vous serez exempt\u00e9 du paiement du droit d&#8217;acc\u00e8s. Une fois votre r\u00e9servation effectu\u00e9e, vous pouvez vous inscrire en cliquant sur le lien suivant: https:\/\/cda.comune.venezia.it\/fr\/home [\/vc_column_text][\/vc_column][\/vc_row][vc_row el_id=&#8221;hotel&#8221;][vc_column][vc_text_separator title=&#8221;PENSIONE GUERRATO&#8221; title_align=&#8221;separator_align_left&#8221;][vc_column_text] La Pensione Guerrato [&hellip;]<\/p>\n","protected":false},"author":1,"featured_media":0,"parent":0,"menu_order":0,"comment_status":"closed","ping_status":"closed","template":"","meta":{"_monsterinsights_skip_tracking":false,"_monsterinsights_sitenote_active":false,"_monsterinsights_sitenote_note":"","_monsterinsights_sitenote_category":0,"footnotes":""},"class_list":["post-1558","page","type-page","status-publish","hentry"],"yoast_head":"<!-- This site is optimized with the Yoast SEO plugin v26.8 - https:\/\/yoast.com\/product\/yoast-seo-wordpress\/ -->\n<title>Accueil ~ Pensione Guerrato<\/title>\n<meta name=\"robots\" content=\"index, follow, max-snippet:-1, max-image-preview:large, max-video-preview:-1\" \/>\n<link rel=\"canonical\" href=\"https:\/\/hotelguerrato.com\/fr\/\" \/>\n<meta property=\"og:locale\" content=\"fr_FR\" \/>\n<meta property=\"og:type\" content=\"article\" \/>\n<meta property=\"og:title\" content=\"Accueil ~ Pensione Guerrato\" \/>\n<meta property=\"og:description\" content=\"[vc_row][vc_column][vc_column_text] R\u00c9SERVEZ DIRECTEMENT SUR NOTRE SITE INTERNET. EN \u00c9VITANT LES INTERM\u00c9DIAIRES, ON VOUS GARANTIE LE MEILLEUR PRIX. [\/vc_column_text][\/vc_column][\/vc_row][vc_row][vc_column][vc_column_text] En s\u00e9journant dans notre \u00e9tablissement, vous serez exempt\u00e9 du paiement du droit d&#8217;acc\u00e8s. Une fois votre r\u00e9servation effectu\u00e9e, vous pouvez vous inscrire en cliquant sur le lien suivant: https:\/\/cda.comune.venezia.it\/fr\/home [\/vc_column_text][\/vc_column][\/vc_row][vc_row el_id=&#8221;hotel&#8221;][vc_column][vc_text_separator title=&#8221;PENSIONE GUERRATO&#8221; title_align=&#8221;separator_align_left&#8221;][vc_column_text] La Pensione Guerrato [&hellip;]\" \/>\n<meta property=\"og:url\" content=\"https:\/\/hotelguerrato.com\/fr\/\" \/>\n<meta property=\"og:site_name\" content=\"Pensione Guerrato\" \/>\n<meta property=\"article:modified_time\" content=\"2024-03-13T13:32:47+00:00\" \/>\n<meta name=\"twitter:card\" content=\"summary_large_image\" \/>\n<meta name=\"twitter:label1\" content=\"Est. reading time\" \/>\n\t<meta name=\"twitter:data1\" content=\"1 minute\" \/>\n<script type=\"application\/ld+json\" class=\"yoast-schema-graph\">{\"@context\":\"https:\/\/schema.org\",\"@graph\":[{\"@type\":\"WebPage\",\"@id\":\"https:\/\/hotelguerrato.com\/fr\/\",\"url\":\"https:\/\/hotelguerrato.com\/fr\/\",\"name\":\"Accueil ~ Pensione Guerrato\",\"isPartOf\":{\"@id\":\"https:\/\/hotelguerrato.com\/#website\"},\"datePublished\":\"2016-08-23T13:46:58+00:00\",\"dateModified\":\"2024-03-13T13:32:47+00:00\",\"breadcrumb\":{\"@id\":\"https:\/\/hotelguerrato.com\/fr\/#breadcrumb\"},\"inLanguage\":\"fr-FR\",\"potentialAction\":[{\"@type\":\"ReadAction\",\"target\":[\"https:\/\/hotelguerrato.com\/fr\/\"]}]},{\"@type\":\"BreadcrumbList\",\"@id\":\"https:\/\/hotelguerrato.com\/fr\/#breadcrumb\",\"itemListElement\":[{\"@type\":\"ListItem\",\"position\":1,\"name\":\"Home\",\"item\":\"https:\/\/hotelguerrato.com\/fr\/\"},{\"@type\":\"ListItem\",\"position\":2,\"name\":\"Accueil\"}]},{\"@type\":\"WebSite\",\"@id\":\"https:\/\/hotelguerrato.com\/#website\",\"url\":\"https:\/\/hotelguerrato.com\/\",\"name\":\"Pensione Guerrato\",\"description\":\"Charming family hotel in the heart of Venice\",\"potentialAction\":[{\"@type\":\"SearchAction\",\"target\":{\"@type\":\"EntryPoint\",\"urlTemplate\":\"https:\/\/hotelguerrato.com\/?s={search_term_string}\"},\"query-input\":{\"@type\":\"PropertyValueSpecification\",\"valueRequired\":true,\"valueName\":\"search_term_string\"}}],\"inLanguage\":\"fr-FR\"}]}<\/script>\n<!-- \/ Yoast SEO plugin. -->","yoast_head_json":{"title":"Accueil ~ Pensione Guerrato","robots":{"index":"index","follow":"follow","max-snippet":"max-snippet:-1","max-image-preview":"max-image-preview:large","max-video-preview":"max-video-preview:-1"},"canonical":"https:\/\/hotelguerrato.com\/fr\/","og_locale":"fr_FR","og_type":"article","og_title":"Accueil ~ Pensione Guerrato","og_description":"[vc_row][vc_column][vc_column_text] R\u00c9SERVEZ DIRECTEMENT SUR NOTRE SITE INTERNET. EN \u00c9VITANT LES INTERM\u00c9DIAIRES, ON VOUS GARANTIE LE MEILLEUR PRIX. [\/vc_column_text][\/vc_column][\/vc_row][vc_row][vc_column][vc_column_text] En s\u00e9journant dans notre \u00e9tablissement, vous serez exempt\u00e9 du paiement du droit d&#8217;acc\u00e8s. Une fois votre r\u00e9servation effectu\u00e9e, vous pouvez vous inscrire en cliquant sur le lien suivant: https:\/\/cda.comune.venezia.it\/fr\/home [\/vc_column_text][\/vc_column][\/vc_row][vc_row el_id=&#8221;hotel&#8221;][vc_column][vc_text_separator title=&#8221;PENSIONE GUERRATO&#8221; title_align=&#8221;separator_align_left&#8221;][vc_column_text] La Pensione Guerrato [&hellip;]","og_url":"https:\/\/hotelguerrato.com\/fr\/","og_site_name":"Pensione Guerrato","article_modified_time":"2024-03-13T13:32:47+00:00","twitter_card":"summary_large_image","twitter_misc":{"Est. reading time":"1 minute"},"schema":{"@context":"https:\/\/schema.org","@graph":[{"@type":"WebPage","@id":"https:\/\/hotelguerrato.com\/fr\/","url":"https:\/\/hotelguerrato.com\/fr\/","name":"Accueil ~ Pensione Guerrato","isPartOf":{"@id":"https:\/\/hotelguerrato.com\/#website"},"datePublished":"2016-08-23T13:46:58+00:00","dateModified":"2024-03-13T13:32:47+00:00","breadcrumb":{"@id":"https:\/\/hotelguerrato.com\/fr\/#breadcrumb"},"inLanguage":"fr-FR","potentialAction":[{"@type":"ReadAction","target":["https:\/\/hotelguerrato.com\/fr\/"]}]},{"@type":"BreadcrumbList","@id":"https:\/\/hotelguerrato.com\/fr\/#breadcrumb","itemListElement":[{"@type":"ListItem","position":1,"name":"Home","item":"https:\/\/hotelguerrato.com\/fr\/"},{"@type":"ListItem","position":2,"name":"Accueil"}]},{"@type":"WebSite","@id":"https:\/\/hotelguerrato.com\/#website","url":"https:\/\/hotelguerrato.com\/","name":"Pensione Guerrato","description":"Charming family hotel in the heart of Venice","potentialAction":[{"@type":"SearchAction","target":{"@type":"EntryPoint","urlTemplate":"https:\/\/hotelguerrato.com\/?s={search_term_string}"},"query-input":{"@type":"PropertyValueSpecification","valueRequired":true,"valueName":"search_term_string"}}],"inLanguage":"fr-FR"}]}},"_links":{"self":[{"href":"https:\/\/hotelguerrato.com\/fr\/wp-json\/wp\/v2\/pages\/1558","targetHints":{"allow":["GET"]}}],"collection":[{"href":"https:\/\/hotelguerrato.com\/fr\/wp-json\/wp\/v2\/pages"}],"about":[{"href":"https:\/\/hotelguerrato.com\/fr\/wp-json\/wp\/v2\/types\/page"}],"author":[{"embeddable":true,"href":"https:\/\/hotelguerrato.com\/fr\/wp-json\/wp\/v2\/users\/1"}],"replies":[{"embeddable":true,"href":"https:\/\/hotelguerrato.com\/fr\/wp-json\/wp\/v2\/comments?post=1558"}],"version-history":[{"count":7,"href":"https:\/\/hotelguerrato.com\/fr\/wp-json\/wp\/v2\/pages\/1558\/revisions"}],"predecessor-version":[{"id":20556,"href":"https:\/\/hotelguerrato.com\/fr\/wp-json\/wp\/v2\/pages\/1558\/revisions\/20556"}],"wp:attachment":[{"href":"https:\/\/hotelguerrato.com\/fr\/wp-json\/wp\/v2\/media?parent=1558"}],"curies":[{"name":"wp","href":"https:\/\/api.w.org\/{rel}","templated":true}]}}